{"id":704,"date":"2023-02-16T10:14:27","date_gmt":"2023-02-16T09:14:27","guid":{"rendered":"https:\/\/nuesuitessardegna.it\/?page_id=704"},"modified":"2025-02-05T17:52:07","modified_gmt":"2025-02-05T16:52:07","slug":"dove-trovarci","status":"publish","type":"page","link":"https:\/\/nuesuitessardegna.it\/en\/dove-trovarci\/","title":{"rendered":"Where we are"},"content":{"rendered":"<section class=\"wpb-content-wrapper\"><div class=\"vc_row wpb_row vc_row-fluid\"><div class=\"wpb_column vc_column_container vc_col-sm-12\"><div class=\"vc_column-inner\"><div class=\"wpb_wrapper\">\n\t<div class=\"wpb_text_column wpb_content_element\" >\n\t\t<div class=\"wpb_wrapper\">\n\t\t\t<h2 style=\"text-align: center;\">A unique location to fully enjoy the city of Sassari<\/h2>\n\n\t\t<\/div>\n\t<\/div>\n\n\t<div class=\"wpb_text_column wpb_content_element\" >\n\t\t<div class=\"wpb_wrapper\">\n\t\t\t\n\t\t<\/div>\n\t<\/div>\n<\/div><\/div><\/div><\/div><div class=\"vc_row wpb_row vc_row-fluid sohohotel-content-inner\"><div class=\"wpb_column vc_column_container vc_col-sm-12\"><div class=\"vc_column-inner\"><div class=\"wpb_wrapper\"><h3 class=\"sohohotel-title-25px sohohotel-clearfix sohohotel-title-left\">How to arrive at Nue Suites<\/h3>\n\t<div class=\"wpb_text_column wpb_content_element\" >\n\t\t<div class=\"wpb_wrapper\">\n\t\t\t<p>Nue Suites' address is: <strong>Viale Umberto I, 46 &#8211; 07100 Sassari<\/strong><\/p>\n<p><strong>By Car<\/strong><\/p>\n<p>Nue Suites is located in the city centre and is therefore accessible from all city entrances.<\/p>\n<p>Simply put the address on your navigator and let yourself be guided.<\/p>\n<p>In Viale Umberto I, in front of Nue Suites, there are several paid car parks, while there is a large free car park just behind the building called \"Fosso della Noce\".<\/p>\n<p><strong>From the Railway Station:<\/strong><\/p>\n<p>By cab: the price is around \u20ac10<\/p>\n<p>By bus Line 8<\/p>\n<p>Walking in 20 minutes<\/p>\n<p><strong>From Alghero\/Fertilia Airport<\/strong><\/p>\n<p>By cab: the price starts from 20\u20ac<\/p>\n<p>By bus, ARST line 760 for schedules and costs see https:\/\/arst.sardegna.it<\/p>\n<p>By car, Sassari is 33km away<\/p>\n<p><strong>Principal Places of Interest<\/strong><\/p>\n<p>Piazza d\u2019Italia: less than 1 min. by walk<\/p>\n<p>Court of Sassari: 4 min. by walk<\/p>\n<p>Verdi Theater: 3 min. by walk<\/p>\n<p>Municipal theater: 9 min. by walk<\/p>\n<p>Cathedral: 9 min. walk<\/p>\n<p>PalaSerradimigni: 5 min. by car\/ 28 min. by walk<\/p>\n\n\t\t<\/div>\n\t<\/div>\n<div class=\"vc_empty_space\"   style=\"height: 40px\"><span class=\"vc_empty_space_inner\"><\/span><\/div><\/div><\/div><\/div><\/div><div class=\"vc_row wpb_row vc_row-fluid\"><div class=\"wpb_column vc_column_container vc_col-sm-12\"><div class=\"vc_column-inner\"><div class=\"wpb_wrapper\">\n\t<div class=\"wpb_text_column wpb_content_element\" >\n\t\t<div class=\"wpb_wrapper\">\n\t\t\t\n\t\t<\/div>\n\t<\/div>\n<\/div><\/div><\/div><\/div><div class=\"vc_row wpb_row vc_row-fluid col-12 vc_custom_1676546249133 vc_row-has-fill\"><div class=\"wpb_column vc_column_container vc_col-sm-12\"><div class=\"vc_column-inner\"><div class=\"wpb_wrapper\"><div class=\"wpb_gmaps_widget wpb_content_element vc_custom_1676546274224\"><div class=\"wpb_wrapper\"><div class=\"wpb_map_wraper\"><iframe src=\"https:\/\/www.google.com\/maps\/embed?pb=!1m18!1m12!1m3!1d755.9182657374255!2d8.565161678636395!3d40.72521314299836!2m3!1f0!2f0!3f0!3m2!1i1024!2i768!4f13.1!3m3!1m2!1s0x12dc632be5226fd7%3A0xfb29c85119dbd30f!2sNue%20Suites!5e0!3m2!1sit!2sit!4v1676539326165!5m2!1sit!2sit\" width=\"600\" height=\"450\" style=\"border:0;\" allowfullscreen=\"\" loading=\"lazy\" referrerpolicy=\"no-referrer-when-downgrade\"><\/iframe><\/div><\/div><\/div><\/div><\/div><\/div><\/div>\n<\/section>","protected":false},"excerpt":{"rendered":"Una location esclusiva per vivere al meglio la citt\u00e0 di Sassari Come arrivare a Nue Suites L\u2019indirizzo di Nue Suites \u00e8: Viale Umberto I, 46 - 07100 Sassari In Auto: Nue Suites \u00e8 collocata al centro della citt\u00e0 ed \u00e8 pertanto raggiungibile da tutti gli accessi cittadini. E\u2019 sufficiente porre l\u2019indirizzo sul navigatore e lasciarsi<a href=\"https:\/\/nuesuitessardegna.it\/en\/dove-trovarci\/\" class=\"sohohotel-more-link\">Read More<\/a>","protected":false},"author":5,"featured_media":0,"parent":0,"menu_order":0,"comment_status":"closed","ping_status":"closed","template":"","meta":{"footnotes":""},"class_list":["post-704","page","type-page","status-publish","hentry"],"_links":{"self":[{"href":"https:\/\/nuesuitessardegna.it\/en\/wp-json\/wp\/v2\/pages\/704","targetHints":{"allow":["GET"]}}],"collection":[{"href":"https:\/\/nuesuitessardegna.it\/en\/wp-json\/wp\/v2\/pages"}],"about":[{"href":"https:\/\/nuesuitessardegna.it\/en\/wp-json\/wp\/v2\/types\/page"}],"author":[{"embeddable":true,"href":"https:\/\/nuesuitessardegna.it\/en\/wp-json\/wp\/v2\/users\/5"}],"replies":[{"embeddable":true,"href":"https:\/\/nuesuitessardegna.it\/en\/wp-json\/wp\/v2\/comments?post=704"}],"version-history":[{"count":10,"href":"https:\/\/nuesuitessardegna.it\/en\/wp-json\/wp\/v2\/pages\/704\/revisions"}],"predecessor-version":[{"id":3357128,"href":"https:\/\/nuesuitessardegna.it\/en\/wp-json\/wp\/v2\/pages\/704\/revisions\/3357128"}],"wp:attachment":[{"href":"https:\/\/nuesuitessardegna.it\/en\/wp-json\/wp\/v2\/media?parent=704"}],"curies":[{"name":"wp","href":"https:\/\/api.w.org\/{rel}","templated":true}]}}