{"id":357,"date":"2022-12-22T16:46:38","date_gmt":"2022-12-22T15:46:38","guid":{"rendered":"https:\/\/nuesuitessardegna.it\/about-us-i\/"},"modified":"2025-02-05T17:57:22","modified_gmt":"2025-02-05T16:57:22","slug":"chi-siamo","status":"publish","type":"page","link":"https:\/\/nuesuitessardegna.it\/en\/chi-siamo\/","title":{"rendered":"About Us"},"content":{"rendered":"<section class=\"wpb-content-wrapper\"><div class=\"vc_row wpb_row vc_row-fluid sohohotel-content-inner\"><div class=\"wpb_column vc_column_container vc_col-sm-12\"><div class=\"vc_column-inner\"><div class=\"wpb_wrapper\">\n\t<div class=\"wpb_text_column wpb_content_element \" >\n\t\t<div class=\"wpb_wrapper\">\n\t\t\t<h2 style=\"text-align: center;\">Passione per l\u2019accoglienza, attenzione ai dettagli, esperienza su misura<\/h2>\n\n\t\t<\/div>\n\t<\/div>\n\n\t<div class=\"wpb_text_column wpb_content_element \" >\n\t\t<div class=\"wpb_wrapper\">\n\t\t\t<p>Siamo una coppia di business traveller di Sassari. Abbiamo deciso di creare qui, nel cuore della nostra bellissima citt\u00e0, un piccolo ma esclusivo scrigno dell&#8217;ospitalit\u00e0.<\/p>\n<p>La nostra NUE Suites racchiude tutto quello che riteniamo indispensabile per un piacevole soggiorno d&#8217;affari o di svago: design, comfort, funzionalit\u00e0, privacy e sostenibilit\u00e0. Il nostro ambizioso obiettivo \u00e8 quello di creare una forma di ospitalit\u00e0 e un&#8217;esperienza di cui tu sia da subito il protagonista.<\/p>\n<p>Nue Suites si compone di due ampie e comode stanze e di due junior suite private, indipendenti, tutte complete di bagno privato, eleganti, essenziali e curate. Ospitate all\u2019ultimo piano (5\u00b0 Piano), con ascensore, di una dimora degli anni &#8217;50 \u2013 Palazzo Bosazza \u2013 con affaccio sui tetti della citt\u00e0.<\/p>\n<p>La struttura \u00e8 stata completamente rinnovata nel 2021, rappresenta il rifugio urbano perfetto per un soggiorno di business o di piacere in una posizione strategica al centro della citt\u00e0. Che tu sia da solo, con amici, con famiglia o in viaggio d\u2019affari, le nostre comode e funzionali soluzioni sono il meglio per il tuo soggiorno a Sassari.<\/p>\n\n\t\t<\/div>\n\t<\/div>\n<div class=\"vc_empty_space\"   style=\"height: 40px\"><span class=\"vc_empty_space_inner\"><\/span><\/div><h3 class=\"sohohotel-title-20px sohohotel-clearfix sohohotel-title-center\">Informazioni sul quartiere<\/h3>\n\t<div class=\"wpb_text_column wpb_content_element \" >\n\t\t<div class=\"wpb_wrapper\">\n\t\t\t<p>Il palazzo si trova a pochi passi dalla Piazza Italia, salotto di Sassari, e da tutti i principali monumenti della citt\u00e0, in una zona tranquilla ma vicina a tutti i servizi.<\/p>\n<p>Da qui potete raggiungere a piedi ristoranti, caff\u00e8 e negozi del centro di Sassari.<\/p>\n<p>SASSARI CITTA\u2019 TURISTICA: http:\/\/turismosassari.it\/it\/<\/p>\n\n\t\t<\/div>\n\t<\/div>\n<\/div><\/div><\/div><\/div><div class=\"vc_row wpb_row vc_row-fluid\"><div class=\"wpb_column vc_column_container vc_col-sm-12\"><div class=\"vc_column-inner\"><div class=\"wpb_wrapper\">\n\t<div class=\"wpb_text_column wpb_content_element \" >\n\t\t<div class=\"wpb_wrapper\">\n\t\t\t\n\t\t<div id='gallery-1' class='gallery galleryid-357 gallery-columns-4 gallery-size-full'><div class='gallery-item'><div class='gallery-icon'><a href=\"https:\/\/nuesuitessardegna.it\/wp-content\/uploads\/2023\/03\/GS203773__STRUTTURA_05.webp\" data-gal=\"prettyPhoto[gallery-1]\" title=\"GS203773__STRUTTURA_05\"><img decoding=\"async\" src=\"https:\/\/nuesuitessardegna.it\/wp-content\/uploads\/2023\/03\/GS203773__STRUTTURA_05.webp\" alt=\"\" \/><\/a><\/div><\/div><div class='gallery-item'><div class='gallery-icon'><a href=\"https:\/\/nuesuitessardegna.it\/wp-content\/uploads\/2023\/03\/GS203764.webp\" data-gal=\"prettyPhoto[gallery-1]\" title=\"GS203764\"><img decoding=\"async\" src=\"https:\/\/nuesuitessardegna.it\/wp-content\/uploads\/2023\/03\/GS203764.webp\" alt=\"\" \/><\/a><\/div><\/div><div class='gallery-item'><div class='gallery-icon'><a href=\"https:\/\/nuesuitessardegna.it\/wp-content\/uploads\/2023\/03\/GS203756__STRUTTURA_04-motto.webp\" data-gal=\"prettyPhoto[gallery-1]\" title=\"GS203756__STRUTTURA_04 &#8211; motto\"><img decoding=\"async\" src=\"https:\/\/nuesuitessardegna.it\/wp-content\/uploads\/2023\/03\/GS203756__STRUTTURA_04-motto.webp\" alt=\"\" \/><\/a><\/div><\/div><div class='gallery-item'><div class='gallery-icon'><a href=\"https:\/\/nuesuitessardegna.it\/wp-content\/uploads\/2023\/03\/GS100102.webp\" data-gal=\"prettyPhoto[gallery-1]\" title=\"GS100102\"><img decoding=\"async\" src=\"https:\/\/nuesuitessardegna.it\/wp-content\/uploads\/2023\/03\/GS100102.webp\" alt=\"\" \/><\/a><\/div><\/div><div class='gallery-item'><div class='gallery-icon'><a href=\"https:\/\/nuesuitessardegna.it\/wp-content\/uploads\/2023\/03\/GS100026.webp\" data-gal=\"prettyPhoto[gallery-1]\" title=\"GS100026\"><img decoding=\"async\" src=\"https:\/\/nuesuitessardegna.it\/wp-content\/uploads\/2023\/03\/GS100026.webp\" alt=\"\" \/><\/a><\/div><\/div><div class='gallery-item'><div class='gallery-icon'><a href=\"https:\/\/nuesuitessardegna.it\/wp-content\/uploads\/2023\/03\/GS100025.webp\" data-gal=\"prettyPhoto[gallery-1]\" title=\"GS100025\"><img decoding=\"async\" src=\"https:\/\/nuesuitessardegna.it\/wp-content\/uploads\/2023\/03\/GS100025.webp\" alt=\"\" \/><\/a><\/div><\/div><div class='gallery-item'><div class='gallery-icon'><a href=\"https:\/\/nuesuitessardegna.it\/wp-content\/uploads\/2023\/03\/GS100023__STRUTTURA_06.webp\" data-gal=\"prettyPhoto[gallery-1]\" title=\"GS100023__STRUTTURA_06\"><img decoding=\"async\" src=\"https:\/\/nuesuitessardegna.it\/wp-content\/uploads\/2023\/03\/GS100023__STRUTTURA_06.webp\" alt=\"\" \/><\/a><\/div><\/div><div class='gallery-item'><div class='gallery-icon'><a href=\"https:\/\/nuesuitessardegna.it\/wp-content\/uploads\/2023\/03\/GS100018.webp\" data-gal=\"prettyPhoto[gallery-1]\" title=\"GS100018\"><img decoding=\"async\" src=\"https:\/\/nuesuitessardegna.it\/wp-content\/uploads\/2023\/03\/GS100018.webp\" alt=\"\" \/><\/a><\/div><\/div><div class='gallery-item'><div class='gallery-icon'><a href=\"https:\/\/nuesuitessardegna.it\/wp-content\/uploads\/2023\/03\/GS100017.webp\" data-gal=\"prettyPhoto[gallery-1]\" title=\"GS100017\"><img decoding=\"async\" src=\"https:\/\/nuesuitessardegna.it\/wp-content\/uploads\/2023\/03\/GS100017.webp\" alt=\"\" \/><\/a><\/div><\/div><div class='gallery-item'><div class='gallery-icon'><a href=\"https:\/\/nuesuitessardegna.it\/wp-content\/uploads\/2023\/03\/GS100016__STRUTTURA_07.webp\" data-gal=\"prettyPhoto[gallery-1]\" title=\"GS100016__STRUTTURA_07\"><img decoding=\"async\" src=\"https:\/\/nuesuitessardegna.it\/wp-content\/uploads\/2023\/03\/GS100016__STRUTTURA_07.webp\" alt=\"\" \/><\/a><\/div><\/div><div class='gallery-item'><div class='gallery-icon'><a href=\"https:\/\/nuesuitessardegna.it\/wp-content\/uploads\/2023\/03\/GS100015.webp\" data-gal=\"prettyPhoto[gallery-1]\" title=\"GS100015\"><img decoding=\"async\" src=\"https:\/\/nuesuitessardegna.it\/wp-content\/uploads\/2023\/03\/GS100015.webp\" alt=\"\" \/><\/a><\/div><\/div><div class='gallery-item'><div class='gallery-icon'><a href=\"https:\/\/nuesuitessardegna.it\/wp-content\/uploads\/2023\/03\/GS100014.webp\" data-gal=\"prettyPhoto[gallery-1]\" title=\"GS100014\"><img decoding=\"async\" src=\"https:\/\/nuesuitessardegna.it\/wp-content\/uploads\/2023\/03\/GS100014.webp\" alt=\"\" \/><\/a><\/div><\/div><div class='gallery-item'><div class='gallery-icon'><a href=\"https:\/\/nuesuitessardegna.it\/wp-content\/uploads\/2023\/03\/GS100013.webp\" data-gal=\"prettyPhoto[gallery-1]\" title=\"GS100013\"><img decoding=\"async\" src=\"https:\/\/nuesuitessardegna.it\/wp-content\/uploads\/2023\/03\/GS100013.webp\" alt=\"\" \/><\/a><\/div><\/div>\n\t\t\t<br style='clear: both;' \/>\n\t\t<\/div>\n\n\n\t\t<\/div>\n\t<\/div>\n<div class=\"vc_empty_space\"   style=\"height: 30px\"><span class=\"vc_empty_space_inner\"><\/span><\/div><\/div><\/div><\/div><\/div>\n<\/section>","protected":false},"excerpt":{"rendered":"Passione per l\u2019accoglienza, attenzione ai dettagli, esperienza su misura Siamo una coppia di business traveller di Sassari. Abbiamo deciso di creare qui, nel cuore della nostra bellissima citt\u00e0, un piccolo ma esclusivo scrigno dell'ospitalit\u00e0. La nostra NUE Suites racchiude tutto quello che riteniamo indispensabile per un piacevole soggiorno d'affari o di svago: design, comfort, funzionalit\u00e0,<a href=\"https:\/\/nuesuitessardegna.it\/en\/chi-siamo\/\" class=\"sohohotel-more-link\">Read More<\/a>","protected":false},"author":5,"featured_media":0,"parent":0,"menu_order":0,"comment_status":"closed","ping_status":"closed","template":"","meta":{"footnotes":""},"class_list":["post-357","page","type-page","status-publish","hentry"],"_links":{"self":[{"href":"https:\/\/nuesuitessardegna.it\/en\/wp-json\/wp\/v2\/pages\/357","targetHints":{"allow":["GET"]}}],"collection":[{"href":"https:\/\/nuesuitessardegna.it\/en\/wp-json\/wp\/v2\/pages"}],"about":[{"href":"https:\/\/nuesuitessardegna.it\/en\/wp-json\/wp\/v2\/types\/page"}],"author":[{"embeddable":true,"href":"https:\/\/nuesuitessardegna.it\/en\/wp-json\/wp\/v2\/users\/5"}],"replies":[{"embeddable":true,"href":"https:\/\/nuesuitessardegna.it\/en\/wp-json\/wp\/v2\/comments?post=357"}],"version-history":[{"count":12,"href":"https:\/\/nuesuitessardegna.it\/en\/wp-json\/wp\/v2\/pages\/357\/revisions"}],"predecessor-version":[{"id":3357133,"href":"https:\/\/nuesuitessardegna.it\/en\/wp-json\/wp\/v2\/pages\/357\/revisions\/3357133"}],"wp:attachment":[{"href":"https:\/\/nuesuitessardegna.it\/en\/wp-json\/wp\/v2\/media?parent=357"}],"curies":[{"name":"wp","href":"https:\/\/api.w.org\/{rel}","templated":true}]}}